{"id":678,"date":"2017-05-05T10:37:31","date_gmt":"2017-05-05T10:37:31","guid":{"rendered":"http:\/\/www.berrteks.com\/?page_id=678"},"modified":"2018-04-25T18:24:35","modified_gmt":"2018-04-25T15:24:35","slug":"iletisim","status":"publish","type":"page","link":"https:\/\/www.berrteks.com\/en\/iletisim\/","title":{"rendered":"Contact"},"content":{"rendered":"<p>[vc_row el_id=&#8221;1504346032513-b4614bed-d368&#8243;][vc_column el_id=&#8221;1504346032519-0c058143-98fa&#8221;][albedo_contact_form email_to=&#8221;test@email.com&#8221; style=&#8221;white_alt&#8221; el_id=&#8221;1504346036603-b35dc9c0-9be4&#8243;][vc_row_inner gap=&#8221;30&#8243; css=&#8221;.vc_custom_1504615031009{padding-right: 15px !important;padding-left: 15px !important;}&#8221;][vc_column_inner width=&#8221;1\/2&#8243;][albedo_heading title=&#8221;Address&#8221; heading=&#8221;h2&#8243; custom_classes=&#8221;h1&#8243; font_weight=&#8221;&#8221; el_id=&#8221;1504345958602-5c9aa21d-fec5&#8243;][albedo_contact_info address=&#8221;Factory 1: 3. O.S.B. 83319 Nolu Cad. No: 8<br \/>\n\u015eehitkamil \/ Gaziantep \/ T\u00dcRK\u0130YE&#8221;][albedo_contact_info address=&#8221;Factory 2: 5. O.S.B. 83502 Nolu Cad. No: 4<br \/>\n\u015eehitkamil \/ Gaziantep \/T\u00dcRK\u0130YE&#8221; phone=&#8221;+90 (342) 337 90 70 &#8211; 71&#8243; email=&#8221;berrteks@berrteks.com<br \/>\nexport@berrteks.com&#8221;][\/vc_column_inner][vc_column_inner width=&#8221;1\/2&#8243;][albedo_heading title=&#8221;Contact Form&#8221; heading=&#8221;h2&#8243; custom_classes=&#8221;h1&#8243; font_weight=&#8221;&#8221; el_id=&#8221;1504346018602-74b43986-83ae&#8221;][albedo_contact_form_text placeholder=&#8221;Your name&#8221; required=&#8221;yes&#8221; el_id=&#8221;1504346084824-3007d28b-2421&#8243;][albedo_contact_form_text placeholder=&#8221;Topic&#8221; el_id=&#8221;1504346129540-f6202c31-86bb&#8221;][albedo_contact_form_email placeholder=&#8221;Email Adresiniz&#8221; required=&#8221;yes&#8221; el_id=&#8221;1504346095198-f8ec2f21-0b16&#8243;][albedo_contact_form_textarea placeholder=&#8221;your Message&#8221; required=&#8221;yes&#8221; el_id=&#8221;1504346104596-9c0b2e55-6330&#8243;][albedo_contact_form_submit submit_button_text=&#8221;Submit&#8221; submit_style=&#8221;grey&#8221; align=&#8221;&#8221; size=&#8221;medium&#8221; el_id=&#8221;1504346115459-b02267bd-a2d9&#8243;][\/vc_column_inner][\/vc_row_inner][\/albedo_contact_form][\/vc_column][\/vc_row][vc_row full_width=&#8221;stretch_row_content_no_spaces&#8221; el_id=&#8221;1504346144216-c6d71e9d-e81e&#8221; margins=&#8221;50px|||&#8221;][vc_column width=&#8221;1\/2&#8243; el_id=&#8221;1504346144223-1978bbbb-009c&#8221;][vc_gmaps link=&#8221;#E-8_JTNDaWZyYW1lJTIwc3JjJTNEJTIyaHR0cHMlM0ElMkYlMkZ3d3cuZ29vZ2xlLmNvbSUyRm1hcHMlMkZlbWJlZCUzRnBiJTNEJTIxMW0xOCUyMTFtMTIlMjExbTMlMjExZDMxNzkuNDE0NzY1MDA1NTk2NiUyMTJkMzcuMzQzNjAxMzE1OTM3NTglMjEzZDM3LjE2NjYxMjk3OTg3NDc0JTIxMm0zJTIxMWYwJTIxMmYwJTIxM2YwJTIxM20yJTIxMWkxMDI0JTIxMmk3NjglMjE0ZjEzLjElMjEzbTMlMjExbTIlMjExczB4MTUzMWZjZDM4NDc5OWM5ZiUyNTNBMHhiZDc5YWFhNTY0Njg2OTI3JTIxMnNCZXJydGVrcyUyMTVlMCUyMTNtMiUyMTFzdHIlMjEyc3RyJTIxNHYxNTEzMDczMzIxMjkwJTIyJTIwd2lkdGglM0QlMjI2MDAlMjIlMjBoZWlnaHQlM0QlMjI0NTAlMjIlMjBmcmFtZWJvcmRlciUzRCUyMjAlMjIlMjBzdHlsZSUzRCUyMmJvcmRlciUzQTAlMjIlMjBhbGxvd2Z1bGxzY3JlZW4lM0UlM0MlMkZpZnJhbWUlM0U=&#8221;][\/vc_column][vc_column width=&#8221;1\/2&#8243; el_id=&#8221;1513073226438-3c0dc555-47c1&#8243;][vc_gmaps link=&#8221;#E-8_JTNDaWZyYW1lJTIwc3JjJTNEJTIyaHR0cHMlM0ElMkYlMkZ3d3cuZ29vZ2xlLmNvbSUyRm1hcHMlMkZlbWJlZCUzRnBiJTNEJTIxMW0xOCUyMTFtMTIlMjExbTMlMjExZDEyNzE4Ljg1MjM1NzEwMTI5NiUyMTJkMzcuMzM1MjY0MjQ1Njc0NzY1JTIxM2QzNy4xNTk1MjExMjgwMTY4NiUyMTJtMyUyMTFmMCUyMTJmMCUyMTNmMCUyMTNtMiUyMTFpMTAyNCUyMTJpNzY4JTIxNGYxMy4xJTIxM20zJTIxMW0yJTIxMXMweDAlMjUzQTB4MCUyMTJ6TXpmQ3NEQTVKek0wTGpNaVRpQXpOOEt3TWpBbk16Z3VOU0pGJTIxNWUwJTIxM20yJTIxMXN0ciUyMTJzdHIlMjE0djE1MjE4MTU0MDQ1NjclMjIlMjB3aWR0aCUzRCUyMjYwMCUyMiUyMGhlaWdodCUzRCUyMjQ1MCUyMiUyMGZyYW1lYm9yZGVyJTNEJTIyMCUyMiUyMHN0eWxlJTNEJTIyYm9yZGVyJTNBMCUyMiUyMGFsbG93ZnVsbHNjcmVlbiUzRSUzQyUyRmlmcmFtZSUzRQ==&#8221;][\/vc_column][\/vc_row][vc_row el_id=&#8221;1513073131474-aa5c26de-716f&#8221;][vc_column width=&#8221;1\/2&#8243; el_id=&#8221;1513073131479-466dae91-d86e&#8221;][\/vc_column][vc_column width=&#8221;1\/2&#8243; el_id=&#8221;1513073178630-d56039ca-5723&#8243;][\/vc_column][\/vc_row]<\/p>","protected":false},"excerpt":{"rendered":"<p>[vc_row el_id=&#8221;1504346032513-b4614bed-d368&#8243;][vc_column el_id=&#8221;1504346032519-0c058143-98fa&#8221;][albedo_contact_form email_to=&#8221;test@email.com&#8221; style=&#8221;white_alt&#8221; el_id=&#8221;1504346036603-b35dc9c0-9be4&#8243;][vc_row_inner gap=&#8221;30&#8243; css=&#8221;.vc_custom_1504615031009{padding-right: 15px !important;padding-left: 15px !important;}&#8221;][vc_column_inner width=&#8221;1\/2&#8243;][albedo_heading title=&#8221;Address&#8221; heading=&#8221;h2&#8243; custom_classes=&#8221;h1&#8243; font_weight=&#8221;&#8221; el_id=&#8221;1504345958602-5c9aa21d-fec5&#8243;][albedo_contact_info address=&#8221;Factory 1: 3. O.S.B. 83319 Nolu Cad. No: 8 \u015eehitkamil \/ Gaziantep \/ T\u00dcRK\u0130YE&#8221;][albedo_contact_info address=&#8221;Factory 2: 5. O.S.B. 83502 Nolu Cad. No: 4 \u015eehitkamil \/ Gaziantep \/T\u00dcRK\u0130YE&#8221; phone=&#8221;+90 (342) 337 90 70 &#8211; 71&#8243; email=&#8221;berrteks@berrteks.com export@berrteks.com&#8221;][\/vc_column_inner][vc_column_inner width=&#8221;1\/2&#8243;][albedo_heading [&hellip;]<\/p>\n","protected":false},"author":2,"featured_media":0,"parent":0,"menu_order":0,"comment_status":"closed","ping_status":"closed","template":"","meta":{"footnotes":""},"_links":{"self":[{"href":"https:\/\/www.berrteks.com\/en\/wp-json\/wp\/v2\/pages\/678"}],"collection":[{"href":"https:\/\/www.berrteks.com\/en\/wp-json\/wp\/v2\/pages"}],"about":[{"href":"https:\/\/www.berrteks.com\/en\/wp-json\/wp\/v2\/types\/page"}],"author":[{"embeddable":true,"href":"https:\/\/www.berrteks.com\/en\/wp-json\/wp\/v2\/users\/2"}],"replies":[{"embeddable":true,"href":"https:\/\/www.berrteks.com\/en\/wp-json\/wp\/v2\/comments?post=678"}],"version-history":[{"count":0,"href":"https:\/\/www.berrteks.com\/en\/wp-json\/wp\/v2\/pages\/678\/revisions"}],"wp:attachment":[{"href":"https:\/\/www.berrteks.com\/en\/wp-json\/wp\/v2\/media?parent=678"}],"curies":[{"name":"wp","href":"https:\/\/api.w.org\/{rel}","templated":true}]}}